{"id":6,"date":"2012-10-04T20:49:44","date_gmt":"2012-10-04T18:49:44","guid":{"rendered":"http:\/\/www.blv-kreis-pforzheim.de\/wordpress\/?page_id=6"},"modified":"2025-05-28T18:24:34","modified_gmt":"2025-05-28T17:24:34","slug":"vereine","status":"publish","type":"page","link":"https:\/\/www.blv-kreis-pforzheim.de\/wordpress\/vereine\/","title":{"rendered":"Vereine"},"content":{"rendered":"<h3><a href=\"https:\/\/www.blv-kreis-pforzheim.de\/wordpress\/wp-content\/uploads\/2025\/05\/202505_Vereine_Verantwortliche.pdf\">&gt;&gt; Vereine und Ansprechpartner<\/a> (Stand Mai 2025)<\/h3>\n<p>Die Vereine im Leichtathletik-Kreis Pforzheim:<\/p>\n<ul>\n<li>LV Biet<\/li>\n<li>SV B\u00fcchenbronn<\/li>\n<li>TV Calmbach<\/li>\n<li>TG Dietlingen<\/li>\n<li>TB Dillwei\u00dfenstein<\/li>\n<li>TV Eisingen<\/li>\n<li>TV Engelsbrand<\/li>\n<li>LG Enz 72 (TV Calmbach und TV Neuenb\u00fcrg)<\/li>\n<li>TV Eutingen<\/li>\n<li>Gazelle Pforzheim-K\u00f6nigsbach<\/li>\n<li>LAV Huchenfeld<\/li>\n<li>TV Huchenfeld<\/li>\n<li>LTG K\u00e4mpfelbach<\/li>\n<li>TV Kieselbronn<\/li>\n<li>TV Neuenb\u00fcrg<\/li>\n<li>TV Neulingen<\/li>\n<li>TSG Niefern<\/li>\n<li>TV N\u00f6ttingen<\/li>\n<li>VfB Pfinzweiler<\/li>\n<li>LC 80 Pforzheim<\/li>\n<li>TGS Pforzheim<\/li>\n<li>TV 1834 Pforzheim<\/li>\n<li>LG Stein-Eisingen (und TG Stein)<\/li>\n<li>TV Tiefenbronn<\/li>\n<li>TB Wilferdingen<\/li>\n<\/ul>\n","protected":false},"excerpt":{"rendered":"<p>&gt;&gt; Vereine und Ansprechpartner (Stand Mai 2025) Die Vereine im Leichtathletik-Kreis Pforzheim: LV Biet SV B\u00fcchenbronn TV Calmbach TG Dietlingen TB Dillwei\u00dfenstein TV Eisingen TV Engelsbrand LG Enz 72 (TV Calmbach und TV Neuenb\u00fcrg) TV Eutingen Gazelle Pforzheim-K\u00f6nigsbach LAV Huchenfeld TV Huchenfeld LTG K\u00e4mpfelbach TV Kieselbronn TV Neuenb\u00fcrg TV Neulingen TSG Niefern TV N\u00f6ttingen VfB [&hellip;]<\/p>\n","protected":false},"author":1,"featured_media":0,"parent":0,"menu_order":1,"comment_status":"closed","ping_status":"closed","template":"","meta":{"footnotes":""},"class_list":["post-6","page","type-page","status-publish","hentry"],"_links":{"self":[{"href":"https:\/\/www.blv-kreis-pforzheim.de\/wordpress\/wp-json\/wp\/v2\/pages\/6","targetHints":{"allow":["GET"]}}],"collection":[{"href":"https:\/\/www.blv-kreis-pforzheim.de\/wordpress\/wp-json\/wp\/v2\/pages"}],"about":[{"href":"https:\/\/www.blv-kreis-pforzheim.de\/wordpress\/wp-json\/wp\/v2\/types\/page"}],"author":[{"embeddable":true,"href":"https:\/\/www.blv-kreis-pforzheim.de\/wordpress\/wp-json\/wp\/v2\/users\/1"}],"replies":[{"embeddable":true,"href":"https:\/\/www.blv-kreis-pforzheim.de\/wordpress\/wp-json\/wp\/v2\/comments?post=6"}],"version-history":[{"count":41,"href":"https:\/\/www.blv-kreis-pforzheim.de\/wordpress\/wp-json\/wp\/v2\/pages\/6\/revisions"}],"predecessor-version":[{"id":2747,"href":"https:\/\/www.blv-kreis-pforzheim.de\/wordpress\/wp-json\/wp\/v2\/pages\/6\/revisions\/2747"}],"wp:attachment":[{"href":"https:\/\/www.blv-kreis-pforzheim.de\/wordpress\/wp-json\/wp\/v2\/media?parent=6"}],"curies":[{"name":"wp","href":"https:\/\/api.w.org\/{rel}","templated":true}]}}