{"id":10,"date":"2012-10-04T20:52:21","date_gmt":"2012-10-04T18:52:21","guid":{"rendered":"http:\/\/www.blv-kreis-pforzheim.de\/wordpress\/?page_id=10"},"modified":"2025-12-17T20:13:02","modified_gmt":"2025-12-17T19:13:02","slug":"statistik","status":"publish","type":"page","link":"https:\/\/www.blv-kreis-pforzheim.de\/wordpress\/statistik\/","title":{"rendered":"Statistik"},"content":{"rendered":"<p><strong>Lesen Sie\u00a0das <a href=\"http:\/\/www.blv-kreis-pforzheim.de\/wordpress\/wp-content\/uploads\/2012\/10\/BLV_PF_Allgemeines2013.pdf\">Vorwort zur Statistik<\/a><\/strong><\/p>\n<h2>Kreisrekorde<\/h2>\n<p><strong><a href=\"https:\/\/www.blv-kreis-pforzheim.de\/wordpress\/wp-content\/uploads\/2025\/12\/Kreisrekorde_15_12_2025.htm\">Kreisrekorde (Stand 15.12.2025)<\/a><br \/>\n<\/strong><\/p>\n<p><a href=\"http:\/\/www.blv-kreis-pforzheim.de\/wordpress\/wp-content\/uploads\/2012\/10\/\u00c4nderungRekordenachDLO.pdf\">\u00c4nderung Rekorde nach DLO<\/a><\/p>\n<p><a href=\"http:\/\/www.blv-kreis-pforzheim.de\/wordpress\/wp-content\/uploads\/2019\/09\/veraenderte_Huerdenabstaende_M14-AK12.pdf\">Informationen zur ge\u00e4nderten H\u00fcrdenh\u00f6he der M\/W12<\/a><\/p>\n<h2>Kreisbestenliste<\/h2>\n<p><strong><a href=\"https:\/\/dlvbl.laportal.net\/Performances?performanceList=577148c2-0b1f-4c68-9a17-ab1c269c3ec7\" target=\"_blank\" rel=\"noopener\">Kreisbestenliste (Link zu leichtathletik.de)<\/a><\/strong><\/p>\n<p><a href=\"http:\/\/www.blv-kreis-pforzheim.de\/wordpress\/?p=2316\">Erl\u00e4uterung zur Kreisbestenliste<\/a><\/p>\n<h2>Archiv<\/h2>\n<h3>Kreisrekorde<\/h3>\n<p><a href=\"http:\/\/www.blv-kreis-pforzheim.de\/wordpress\/wp-content\/uploads\/2017\/12\/Kreisrekorde-07122017.pdf\"><strong>Kreisrekorde (Stand 07.12.2017)<\/strong><\/a><\/p>\n<p><strong><a href=\"http:\/\/www.blv-kreis-pforzheim.de\/wordpress\/wp-content\/uploads\/2012\/10\/Kreisrekorde11_2012.pdf\">Kreisrekorde (Stand 15.11.2012)<\/a><\/strong><\/p>\n<h3>Kreisbestenlisten<\/h3>\n<p><a href=\"http:\/\/www.blv-kreis-pforzheim.de\/wordpress\/wp-content\/uploads\/2022\/03\/BL_2021_20220319.htm\"><strong>Kreisbestenliste 2021<\/strong><\/a><\/p>\n<p><a href=\"http:\/\/www.blv-kreis-pforzheim.de\/wordpress\/wp-content\/uploads\/2020\/11\/Bestenliste_2020_11_02.htm\"><strong>Kreisbestenliste 2020<\/strong><\/a><\/p>\n<p><a href=\"http:\/\/www.blv-kreis-pforzheim.de\/wordpress\/wp-content\/uploads\/2020\/02\/Bestenliste_10022020-2.htm\"><strong>Kreisbestenliste 2019<\/strong><\/a><\/p>\n<p><a href=\"http:\/\/www.blv-kreis-pforzheim.de\/wordpress\/wp-content\/uploads\/2019\/01\/Bestenliste_12012019.pdf\"><strong>Kreisbestenliste 2018<\/strong><\/a><\/p>\n<p><strong><a href=\"http:\/\/www.blv-kreis-pforzheim.de\/wordpress\/wp-content\/uploads\/2017\/09\/BLV-Kreis-Pforzheim-Bestenliste-01092017.pdf\">Kreisbestenliste 2017<\/a><\/strong><\/p>\n<p><strong><a href=\"http:\/\/www.blv-kreis-pforzheim.de\/wordpress\/wp-content\/uploads\/2016\/11\/Bestenliste-27.11.2016.pdf\">Kreisbestenliste 2016 (ohne Senioren)<\/a><\/strong><\/p>\n<p><a href=\"http:\/\/www.blv-kreis-pforzheim.de\/wordpress\/wp-content\/uploads\/2012\/10\/Kreisbestenliste-2015.pdf\"><strong>Kreisbestenliste 2015 (ohne Senioren)<\/strong><\/a><\/p>\n<p><a href=\"http:\/\/www.blv-kreis-pforzheim.de\/wordpress\/wp-content\/uploads\/2012\/10\/Kreisbestenliste-Senioren-2015.pdf\"><strong>Kreisbestenliste 2015 (nur Senioren)<\/strong><\/a><\/p>\n<p><a href=\"http:\/\/www.blv-kreis-pforzheim.de\/wordpress\/wp-content\/uploads\/2012\/10\/Bestenliste14122014.htm\"><strong>Kreisbestenliste 2014<\/strong><\/a><\/p>\n<p><a href=\"http:\/\/www.blv-kreis-pforzheim.de\/wordpress\/wp-content\/uploads\/2012\/10\/BLV_PF_Kreisbestenlistemaennlich2013.pdf\" target=\"_blank\" rel=\"noopener noreferrer\"><strong>Kreisbestenliste 2013 (nur m\u00e4nnlich)<\/strong><\/a><\/p>\n<p><a href=\"http:\/\/www.blv-kreis-pforzheim.de\/wordpress\/wp-content\/uploads\/2012\/10\/BLV_PF_Kreisbestenlisteweiblich2013.pdf\"><strong>Kreisbestenliste 2013 (nur weiblich)<\/strong><\/a><\/p>\n<p><a href=\"http:\/\/www.blv-kreis-pforzheim.de\/wordpress\/wp-content\/uploads\/2012\/10\/Kreisbestenliste_gesamt_2012.pdf\" target=\"_blank\" rel=\"noopener noreferrer\"><strong>Kreisbestenliste 2012<\/strong><\/a><\/p>\n<p><strong><em> Anmerkung:<\/em><\/strong><br \/>\nVerbesserungen und Aktualisierungen schicken Sie bitte an:<br \/>\n<a href=\"mailto:statistik@blv-kreis-pforzheim.de\">statistik@blv-kreis-pforzheim.de<\/a><\/p>\n","protected":false},"excerpt":{"rendered":"<p>Lesen Sie\u00a0das Vorwort zur Statistik Kreisrekorde Kreisrekorde (Stand 15.12.2025) \u00c4nderung Rekorde nach DLO Informationen zur ge\u00e4nderten H\u00fcrdenh\u00f6he der M\/W12 Kreisbestenliste Kreisbestenliste (Link zu leichtathletik.de) Erl\u00e4uterung zur Kreisbestenliste Archiv Kreisrekorde Kreisrekorde (Stand 07.12.2017) Kreisrekorde (Stand 15.11.2012) Kreisbestenlisten Kreisbestenliste 2021 Kreisbestenliste 2020 Kreisbestenliste 2019 Kreisbestenliste 2018 Kreisbestenliste 2017 Kreisbestenliste 2016 (ohne Senioren) Kreisbestenliste 2015 (ohne Senioren) Kreisbestenliste [&hellip;]<\/p>\n","protected":false},"author":1,"featured_media":0,"parent":0,"menu_order":3,"comment_status":"closed","ping_status":"closed","template":"","meta":{"footnotes":""},"class_list":["post-10","page","type-page","status-publish","hentry"],"_links":{"self":[{"href":"https:\/\/www.blv-kreis-pforzheim.de\/wordpress\/wp-json\/wp\/v2\/pages\/10","targetHints":{"allow":["GET"]}}],"collection":[{"href":"https:\/\/www.blv-kreis-pforzheim.de\/wordpress\/wp-json\/wp\/v2\/pages"}],"about":[{"href":"https:\/\/www.blv-kreis-pforzheim.de\/wordpress\/wp-json\/wp\/v2\/types\/page"}],"author":[{"embeddable":true,"href":"https:\/\/www.blv-kreis-pforzheim.de\/wordpress\/wp-json\/wp\/v2\/users\/1"}],"replies":[{"embeddable":true,"href":"https:\/\/www.blv-kreis-pforzheim.de\/wordpress\/wp-json\/wp\/v2\/comments?post=10"}],"version-history":[{"count":151,"href":"https:\/\/www.blv-kreis-pforzheim.de\/wordpress\/wp-json\/wp\/v2\/pages\/10\/revisions"}],"predecessor-version":[{"id":2785,"href":"https:\/\/www.blv-kreis-pforzheim.de\/wordpress\/wp-json\/wp\/v2\/pages\/10\/revisions\/2785"}],"wp:attachment":[{"href":"https:\/\/www.blv-kreis-pforzheim.de\/wordpress\/wp-json\/wp\/v2\/media?parent=10"}],"curies":[{"name":"wp","href":"https:\/\/api.w.org\/{rel}","templated":true}]}}